{"id":674,"date":"2024-12-17T18:44:40","date_gmt":"2024-12-17T23:44:40","guid":{"rendered":"https:\/\/idepcontigo.idep.edu.co\/?page_id=674"},"modified":"2025-09-11T15:41:13","modified_gmt":"2025-09-11T20:41:13","slug":"que-es-el-idep","status":"publish","type":"page","link":"https:\/\/idepcontigo.idep.edu.co\/index.php\/que-es-el-idep\/","title":{"rendered":"Qu\u00e9 es el IDEP"},"content":{"rendered":"\t\t<div data-elementor-type=\"wp-page\" data-elementor-id=\"674\" class=\"elementor elementor-674\">\n\t\t\t\t<div class=\"elementor-element elementor-element-4a69aaf e-flex e-con-boxed e-con e-parent\" data-id=\"4a69aaf\" data-element_type=\"container\" data-e-type=\"container\">\n\t\t\t\t\t<div class=\"e-con-inner\">\n\t\t<div class=\"elementor-element elementor-element-bfcbf3d e-con-full e-flex e-con e-child\" data-id=\"bfcbf3d\" data-element_type=\"container\" data-e-type=\"container\">\n\t\t<div class=\"elementor-element elementor-element-139710f e-con-full e-flex e-con e-child\" data-id=\"139710f\" data-element_type=\"container\" data-e-type=\"container\">\n\t\t\t\t<div class=\"elementor-element elementor-element-53767bf elementor-widget elementor-widget-heading\" data-id=\"53767bf\" data-element_type=\"widget\" data-e-type=\"widget\" data-widget_type=\"heading.default\">\n\t\t\t\t<div class=\"elementor-widget-container\">\n\t\t\t\t\t<h2 class=\"elementor-heading-title elementor-size-default\">Qu\u00e9 es el IDEP<\/h2>\t\t\t\t<\/div>\n\t\t\t\t<\/div>\n\t\t\t\t<div class=\"elementor-element elementor-element-3d11c2f elementor-widget elementor-widget-text-editor\" data-id=\"3d11c2f\" data-element_type=\"widget\" data-e-type=\"widget\" data-widget_type=\"text-editor.default\">\n\t\t\t\t<div class=\"elementor-widget-container\">\n\t\t\t\t\t\t\t\t\t<p>A continuaci\u00f3n encontrar\u00e1s un rompecabezas. Una vez lo resuelvas, lee atentamente y descubre qu\u00e9 es el IDEP.<\/p>\t\t\t\t\t\t\t\t<\/div>\n\t\t\t\t<\/div>\n\t\t\t\t<div class=\"elementor-element elementor-element-bb887f6 elementor-widget elementor-widget-html\" data-id=\"bb887f6\" data-element_type=\"widget\" data-e-type=\"widget\" data-widget_type=\"html.default\">\n\t\t\t\t<div class=\"elementor-widget-container\">\n\t\t\t\t\t<p><iframe src=\"https:\/\/idepcontigo.idep.edu.co\/juegos\/rompecabezas\/index.html\" width=\"850\" height=\"850\" frameborder=\"0\" allowfullscreen=\"allowfullscreen\"><\/iframe><\/p>\t\t\t\t<\/div>\n\t\t\t\t<\/div>\n\t\t\t\t<div class=\"elementor-element elementor-element-fced3d9 elementor-widget elementor-widget-spacer\" data-id=\"fced3d9\" data-element_type=\"widget\" data-e-type=\"widget\" data-widget_type=\"spacer.default\">\n\t\t\t\t<div class=\"elementor-widget-container\">\n\t\t\t\t\t\t\t<div class=\"elementor-spacer\">\n\t\t\t<div class=\"elementor-spacer-inner\"><\/div>\n\t\t<\/div>\n\t\t\t\t\t\t<\/div>\n\t\t\t\t<\/div>\n\t\t\t\t<div class=\"elementor-element elementor-element-02388cf elementor-widget elementor-widget-heading\" data-id=\"02388cf\" data-element_type=\"widget\" data-e-type=\"widget\" data-widget_type=\"heading.default\">\n\t\t\t\t<div class=\"elementor-widget-container\">\n\t\t\t\t\t<h4 class=\"elementor-heading-title elementor-size-default\">Felicitaciones. Cumpliste el reto. Ahora ent\u00e9rate qu\u00e9 es el IDEP<\/h4>\t\t\t\t<\/div>\n\t\t\t\t<\/div>\n\t\t\t\t<div class=\"elementor-element elementor-element-4705251 elementor-widget elementor-widget-text-editor\" data-id=\"4705251\" data-element_type=\"widget\" data-e-type=\"widget\" data-widget_type=\"text-editor.default\">\n\t\t\t\t<div class=\"elementor-widget-container\">\n\t\t\t\t\t\t\t\t\t<p>Ahora te podemos contar que en el desarrollo de sus actividades, el IDEP acompa\u00f1a las experiencias de investigaci\u00f3n e innovaci\u00f3n que los actores educativos, es decir tus profesores, los directivos de tu colegio y los investigadores, realizan. As\u00ed se promueve el reconocimiento, la visibilizaci\u00f3n y el desarrollo de las comunidades de saber y de pr\u00e1ctica pedag\u00f3gica.<\/p><p>Otro de los objetivos del IDEP es desarrollar investigaciones en el campo de la educaci\u00f3n, para aportar a la gesti\u00f3n de la pol\u00edtica p\u00fablica distrital; es decir, investigar para encontrar mejores propuestas para tu educaci\u00f3n.<\/p><p>Cuando el IDEP acompa\u00f1a las investigaciones o realiza sus propios trabajos, entonces comparte esta informaci\u00f3n con las autoridades educativas y la ciudadan\u00eda para desarrollar acciones que les permitan tomar decisiones y mejorar los contextos escolares.<\/p>\t\t\t\t\t\t\t\t<\/div>\n\t\t\t\t<\/div>\n\t\t\t\t<div class=\"elementor-element elementor-element-239471a elementor-widget elementor-widget-spacer\" data-id=\"239471a\" data-element_type=\"widget\" data-e-type=\"widget\" data-widget_type=\"spacer.default\">\n\t\t\t\t<div class=\"elementor-widget-container\">\n\t\t\t\t\t\t\t<div class=\"elementor-spacer\">\n\t\t\t<div class=\"elementor-spacer-inner\"><\/div>\n\t\t<\/div>\n\t\t\t\t\t\t<\/div>\n\t\t\t\t<\/div>\n\t\t\t\t<\/div>\n\t\t<div class=\"elementor-element elementor-element-cf01bf4 e-con-full e-flex e-con e-child\" data-id=\"cf01bf4\" data-element_type=\"container\" data-e-type=\"container\">\n\t\t\t\t<div class=\"elementor-element elementor-element-e818c19 elementor-widget elementor-widget-wp-widget-nav_menu\" data-id=\"e818c19\" data-element_type=\"widget\" data-e-type=\"widget\" data-widget_type=\"wp-widget-nav_menu.default\">\n\t\t\t\t<div class=\"elementor-widget-container\">\n\t\t\t\t\t<h5>M\u00e1s para conocer<\/h5><nav class=\"menu-mas-para-conocer-container\" aria-label=\"M\u00e1s para conocer\"><ul id=\"menu-mas-para-conocer\" class=\"menu\"><li id=\"menu-item-61\" class=\"menu-item menu-item-type-custom menu-item-object-custom menu-item-61\"><a target=\"_blank\" href=\"https:\/\/www.idep.edu.co\">IDEP<\/a><\/li>\n<li id=\"menu-item-990\" class=\"menu-item menu-item-type-custom menu-item-object-custom menu-item-990\"><a target=\"_blank\" href=\"https:\/\/www.idep.edu.co\/para-profes\/Centro-de-Recursos-para-la-Investigacion-e-Innovacion-Educativa-CRIIE\">Centro de recursos CRIIE<\/a><\/li>\n<li id=\"menu-item-64\" class=\"menu-item menu-item-type-custom menu-item-object-custom menu-item-64\"><a target=\"_blank\" href=\"https:\/\/www.educacionbogota.edu.co\/\">Educaci\u00f3n Bogot\u00e1<\/a><\/li>\n<li id=\"menu-item-63\" class=\"menu-item menu-item-type-custom menu-item-object-custom menu-item-63\"><a target=\"_blank\" href=\"https:\/\/www.idep.edu.co\/articulo-mau\/magazin-aula-urbana\">Magaz\u00edn Aula Urbana<\/a><\/li>\n<li id=\"menu-item-62\" class=\"menu-item menu-item-type-custom menu-item-object-custom menu-item-62\"><a target=\"_blank\" href=\"https:\/\/www.idep.edu.co\/articulo\/revista-educacion-y-ciudad\">Revista Educaci\u00f3n y Ciudad<\/a><\/li>\n<\/ul><\/nav>\t\t\t\t<\/div>\n\t\t\t\t<\/div>\n\t\t\t\t<\/div>\n\t\t\t\t<\/div>\n\t\t\t\t\t<\/div>\n\t\t\t\t<\/div>\n\t\t\t\t<\/div>\n\t\t","protected":false},"excerpt":{"rendered":"<p>Qu\u00e9 es el IDEP A continuaci\u00f3n encontrar\u00e1s un rompecabezas. Una vez lo resuelvas, lee atentamente y descubre qu\u00e9 es el IDEP. Felicitaciones. Cumpliste el reto. Ahora ent\u00e9rate qu\u00e9 es el IDEP Ahora te podemos contar que en el desarrollo de sus actividades, el IDEP acompa\u00f1a las experiencias de investigaci\u00f3n e innovaci\u00f3n que los actores educativos, [&hellip;]<\/p>\n","protected":false},"author":1,"featured_media":0,"parent":0,"menu_order":0,"comment_status":"closed","ping_status":"closed","template":"","meta":{"footnotes":""},"class_list":["post-674","page","type-page","status-publish","hentry"],"_links":{"self":[{"href":"https:\/\/idepcontigo.idep.edu.co\/index.php\/wp-json\/wp\/v2\/pages\/674","targetHints":{"allow":["GET"]}}],"collection":[{"href":"https:\/\/idepcontigo.idep.edu.co\/index.php\/wp-json\/wp\/v2\/pages"}],"about":[{"href":"https:\/\/idepcontigo.idep.edu.co\/index.php\/wp-json\/wp\/v2\/types\/page"}],"author":[{"embeddable":true,"href":"https:\/\/idepcontigo.idep.edu.co\/index.php\/wp-json\/wp\/v2\/users\/1"}],"replies":[{"embeddable":true,"href":"https:\/\/idepcontigo.idep.edu.co\/index.php\/wp-json\/wp\/v2\/comments?post=674"}],"version-history":[{"count":38,"href":"https:\/\/idepcontigo.idep.edu.co\/index.php\/wp-json\/wp\/v2\/pages\/674\/revisions"}],"predecessor-version":[{"id":986,"href":"https:\/\/idepcontigo.idep.edu.co\/index.php\/wp-json\/wp\/v2\/pages\/674\/revisions\/986"}],"wp:attachment":[{"href":"https:\/\/idepcontigo.idep.edu.co\/index.php\/wp-json\/wp\/v2\/media?parent=674"}],"curies":[{"name":"wp","href":"https:\/\/api.w.org\/{rel}","templated":true}]}}