{"id":537,"date":"2024-11-26T01:17:01","date_gmt":"2024-11-26T01:17:01","guid":{"rendered":"https:\/\/idepcontigo.idep.edu.co\/?page_id=537"},"modified":"2025-09-11T15:30:55","modified_gmt":"2025-09-11T20:30:55","slug":"hola-idep","status":"publish","type":"page","link":"https:\/\/idepcontigo.idep.edu.co\/index.php\/hola-idep\/","title":{"rendered":"Hola IDEP"},"content":{"rendered":"\t\t<div data-elementor-type=\"wp-page\" data-elementor-id=\"537\" class=\"elementor elementor-537\">\n\t\t\t\t<div class=\"elementor-element elementor-element-80d0b42 e-flex e-con-boxed e-con e-parent\" data-id=\"80d0b42\" data-element_type=\"container\" data-e-type=\"container\">\n\t\t\t\t\t<div class=\"e-con-inner\">\n\t\t<div class=\"elementor-element elementor-element-5637bab e-con-full e-flex e-con e-child\" data-id=\"5637bab\" data-element_type=\"container\" data-e-type=\"container\">\n\t\t\t\t<div class=\"elementor-element elementor-element-7bba1bb elementor-widget elementor-widget-heading\" data-id=\"7bba1bb\" data-element_type=\"widget\" data-e-type=\"widget\" data-widget_type=\"heading.default\">\n\t\t\t\t<div class=\"elementor-widget-container\">\n\t\t\t\t\t<h2 class=\"elementor-heading-title elementor-size-default\">Hola IDEP<\/h2>\t\t\t\t<\/div>\n\t\t\t\t<\/div>\n\t\t\t\t<div class=\"elementor-element elementor-element-097a75d elementor-widget elementor-widget-text-editor\" data-id=\"097a75d\" data-element_type=\"widget\" data-e-type=\"widget\" data-widget_type=\"text-editor.default\">\n\t\t\t\t<div class=\"elementor-widget-container\">\n\t\t\t\t\t\t\t\t\t<p><strong>\u00a1Hola!<\/strong>, gracias por visitarnos. Te encuentras en la p\u00e1gina del IDEP. El IDEP es el Instituto para la Investigaci\u00f3n Educativa y el Desarrollo Pedag\u00f3gico.<\/p><p>En el IDEP hacemos investigaciones para mejorar la educaci\u00f3n y nos encargamos de contarle a todo el mundo acerca de los trabajos que realizan los maestros y las maestras de los colegios de Bogot\u00e1.<\/p><p>Nuestro prop\u00f3sito es hacer de la educaci\u00f3n un derecho de las personas y contribuir en la construcci\u00f3n de saberes.<\/p><p>Con tu colaboraci\u00f3n y con la de toda la ciudad vamos a posicionarnos como uno de los mejores centros de investigaci\u00f3n en educaci\u00f3n y desarrollo pedag\u00f3gico.<\/p>\t\t\t\t\t\t\t\t<\/div>\n\t\t\t\t<\/div>\n\t\t\t\t<\/div>\n\t\t<div class=\"elementor-element elementor-element-8a4b447 e-con-full e-flex e-con e-child\" data-id=\"8a4b447\" data-element_type=\"container\" data-e-type=\"container\">\n\t\t\t\t<div class=\"elementor-element elementor-element-c0e24af elementor-widget elementor-widget-wp-widget-nav_menu\" data-id=\"c0e24af\" data-element_type=\"widget\" data-e-type=\"widget\" data-widget_type=\"wp-widget-nav_menu.default\">\n\t\t\t\t<div class=\"elementor-widget-container\">\n\t\t\t\t\t<h5>M\u00e1s para conocer<\/h5><nav class=\"menu-mas-para-conocer-container\" aria-label=\"M\u00e1s para conocer\"><ul id=\"menu-mas-para-conocer\" class=\"menu\"><li id=\"menu-item-61\" class=\"menu-item menu-item-type-custom menu-item-object-custom menu-item-61\"><a target=\"_blank\" href=\"https:\/\/www.idep.edu.co\">IDEP<\/a><\/li>\n<li id=\"menu-item-990\" class=\"menu-item menu-item-type-custom menu-item-object-custom menu-item-990\"><a target=\"_blank\" href=\"https:\/\/www.idep.edu.co\/para-profes\/Centro-de-Recursos-para-la-Investigacion-e-Innovacion-Educativa-CRIIE\">Centro de recursos CRIIE<\/a><\/li>\n<li id=\"menu-item-64\" class=\"menu-item menu-item-type-custom menu-item-object-custom menu-item-64\"><a target=\"_blank\" href=\"https:\/\/www.educacionbogota.edu.co\/\">Educaci\u00f3n Bogot\u00e1<\/a><\/li>\n<li id=\"menu-item-63\" class=\"menu-item menu-item-type-custom menu-item-object-custom menu-item-63\"><a target=\"_blank\" href=\"https:\/\/www.idep.edu.co\/articulo-mau\/magazin-aula-urbana\">Magaz\u00edn Aula Urbana<\/a><\/li>\n<li id=\"menu-item-62\" class=\"menu-item menu-item-type-custom menu-item-object-custom menu-item-62\"><a target=\"_blank\" href=\"https:\/\/www.idep.edu.co\/articulo\/revista-educacion-y-ciudad\">Revista Educaci\u00f3n y Ciudad<\/a><\/li>\n<\/ul><\/nav>\t\t\t\t<\/div>\n\t\t\t\t<\/div>\n\t\t\t\t<\/div>\n\t\t\t\t\t<\/div>\n\t\t\t\t<\/div>\n\t\t\t\t<\/div>\n\t\t","protected":false},"excerpt":{"rendered":"<p>Hola IDEP \u00a1Hola!, gracias por visitarnos. Te encuentras en la p\u00e1gina del IDEP. El IDEP es el Instituto para la Investigaci\u00f3n Educativa y el Desarrollo Pedag\u00f3gico. En el IDEP hacemos investigaciones para mejorar la educaci\u00f3n y nos encargamos de contarle a todo el mundo acerca de los trabajos que realizan los maestros y las maestras [&hellip;]<\/p>\n","protected":false},"author":1,"featured_media":0,"parent":0,"menu_order":0,"comment_status":"closed","ping_status":"closed","template":"","meta":{"footnotes":""},"class_list":["post-537","page","type-page","status-publish","hentry"],"_links":{"self":[{"href":"https:\/\/idepcontigo.idep.edu.co\/index.php\/wp-json\/wp\/v2\/pages\/537","targetHints":{"allow":["GET"]}}],"collection":[{"href":"https:\/\/idepcontigo.idep.edu.co\/index.php\/wp-json\/wp\/v2\/pages"}],"about":[{"href":"https:\/\/idepcontigo.idep.edu.co\/index.php\/wp-json\/wp\/v2\/types\/page"}],"author":[{"embeddable":true,"href":"https:\/\/idepcontigo.idep.edu.co\/index.php\/wp-json\/wp\/v2\/users\/1"}],"replies":[{"embeddable":true,"href":"https:\/\/idepcontigo.idep.edu.co\/index.php\/wp-json\/wp\/v2\/comments?post=537"}],"version-history":[{"count":50,"href":"https:\/\/idepcontigo.idep.edu.co\/index.php\/wp-json\/wp\/v2\/pages\/537\/revisions"}],"predecessor-version":[{"id":962,"href":"https:\/\/idepcontigo.idep.edu.co\/index.php\/wp-json\/wp\/v2\/pages\/537\/revisions\/962"}],"wp:attachment":[{"href":"https:\/\/idepcontigo.idep.edu.co\/index.php\/wp-json\/wp\/v2\/media?parent=537"}],"curies":[{"name":"wp","href":"https:\/\/api.w.org\/{rel}","templated":true}]}}